{"id":372,"date":"2022-02-16T14:45:48","date_gmt":"2022-02-16T14:45:48","guid":{"rendered":"https:\/\/www.seurasaarisaatio.fi\/wp\/?page_id=372"},"modified":"2026-01-28T07:56:45","modified_gmt":"2026-01-28T07:56:45","slug":"seurasaari-foundation","status":"publish","type":"page","link":"https:\/\/www.seurasaarisaatio.fi\/wp\/en\/","title":{"rendered":"Seurasaari Foundation"},"content":{"rendered":"<p>[et_pb_section fb_built=&#8221;1&#8243; fullwidth=&#8221;on&#8221; _builder_version=&#8221;4.17.3&#8243; _module_preset=&#8221;default&#8221; global_colors_info=&#8221;{}&#8221;][et_pb_fullwidth_slider use_bg_overlay=&#8221;on&#8221; bg_overlay_color=&#8221;#002B4D&#8221; use_text_overlay=&#8221;off&#8221; _builder_version=&#8221;4.27.4&#8243; _module_preset=&#8221;default&#8221; background_image=&#8221;https:\/\/www.seurasaarisaatio.fi\/wp\/wp-content\/uploads\/2025\/01\/Isannantalo.jpg&#8221; global_colors_info=&#8221;{}&#8221;][et_pb_slide heading=&#8221;Welcome to the Seurasaari Foundation website!&#8221; use_bg_overlay=&#8221;on&#8221; bg_overlay_color=&#8221;rgba(0,43,77,0.45)&#8221; _builder_version=&#8221;4.27.4&#8243; _module_preset=&#8221;default&#8221; background_image=&#8221;https:\/\/www.seurasaarisaatio.fi\/wp\/wp-content\/uploads\/2025\/01\/Isannantalo.jpg&#8221; background_enable_image=&#8221;on&#8221; background_video_mp4=&#8221;https:\/\/www.seurasaarisaatio.fi\/Seurasaari%20V3_1080p.mp4&#8243; background_enable_video_mp4=&#8221;on&#8221; global_colors_info=&#8221;{}&#8221; sticky_transition=&#8221;on&#8221;][\/et_pb_slide][\/et_pb_fullwidth_slider][\/et_pb_section][et_pb_section fb_built=&#8221;1&#8243; admin_label=&#8221;section&#8221; _builder_version=&#8221;4.16&#8243; custom_padding=&#8221;||0px|||&#8221; global_colors_info=&#8221;{}&#8221;][et_pb_row column_structure=&#8221;3_5,2_5&#8243; admin_label=&#8221;row&#8221; _builder_version=&#8221;4.16&#8243; background_size=&#8221;initial&#8221; background_position=&#8221;top_left&#8221; background_repeat=&#8221;repeat&#8221; custom_padding=&#8221;||0px|||&#8221; global_colors_info=&#8221;{}&#8221;][et_pb_column type=&#8221;3_5&#8243; _builder_version=&#8221;4.16&#8243; custom_padding=&#8221;|||&#8221; global_colors_info=&#8221;{}&#8221; custom_padding__hover=&#8221;|||&#8221;][et_pb_text _builder_version=&#8221;4.27.5&#8243; _module_preset=&#8221;default&#8221; text_font=&#8221;|600|||||||&#8221; text_line_height=&#8221;1.8em&#8221; hover_enabled=&#8221;0&#8243; global_colors_info=&#8221;{}&#8221; sticky_enabled=&#8221;0&#8243;]<\/p>\n<p>The Seurasaari Foundation, founded in Helsinki 1956, is a non-profit, public benefit organization that began its work by organizing Midsummer celebrations. The purpose of the foundation is to support Seurasaari Open-Air Museum activities in Seurasaari Island. The work done by the foundation is visible in events where Finnish cultural heritage and traditional way of living serve as additional inspirations. The core values of the foundation&#8217;s activities are community, inclusion and a living, Finnish cultural heritage.<\/p>\n<p>Our foundation is a member of the<span>\u00a0<\/span><a href=\"https:\/\/saatiotrahastot.fi\/en\/frontpage\/\">Association of Finnish Foundations<\/a>, and we follow the code of conduct Best Practice for Foundations.<\/p>\n<p>[\/et_pb_text][\/et_pb_column][et_pb_column type=&#8221;2_5&#8243; _builder_version=&#8221;4.16&#8243; custom_padding=&#8221;|||&#8221; global_colors_info=&#8221;{}&#8221; custom_padding__hover=&#8221;|||&#8221;][et_pb_code _builder_version=&#8221;4.17.3&#8243; _module_preset=&#8221;default&#8221; global_colors_info=&#8221;{}&#8221;]<script async=\"\" defer=\"\" crossorigin=\"anonymous\" src=\"https:\/\/connect.facebook.net\/fi_FI\/sdk.js#xfbml=1&#038;version=v13.0&#038;appId=247468141936500&#038;autoLogAppEvents=1\" nonce=\"XsOxsrE5\"><\/script><!-- [et_pb_line_break_holder] --><\/p>\n<div class=\"fb-page\" data-href=\"https:\/\/www.facebook.com\/Seurasaari\/\" data-tabs=\"timeline\" data-width=\"\" data-height=\"\" data-small-header=\"true\" data-adapt-container-width=\"true\" data-hide-cover=\"false\" data-show-facepile=\"true\"><!-- [et_pb_line_break_holder] --><\/p>\n<blockquote cite=\"https:\/\/www.facebook.com\/Seurasaari\/\" class=\"fb-xfbml-parse-ignore\"><p><a href=\"https:\/\/www.facebook.com\/Seurasaari\/\">Seurasaari &#8211; F\u00f6lis\u00f6n<\/a><\/p><\/blockquote>\n<p><!-- [et_pb_line_break_holder] --><\/div>\n<p>[\/et_pb_code][\/et_pb_column][\/et_pb_row][et_pb_row _builder_version=&#8221;4.16.1&#8243; _module_preset=&#8221;default&#8221; global_colors_info=&#8221;{}&#8221;][et_pb_column type=&#8221;4_4&#8243; _builder_version=&#8221;4.16.1&#8243; _module_preset=&#8221;default&#8221; global_colors_info=&#8221;{}&#8221;][et_pb_text _builder_version=&#8221;4.17.3&#8243; _module_preset=&#8221;default&#8221; global_colors_info=&#8221;{}&#8221;]<\/p>\n<h2>Upcoming events in Seurasaari<\/h2>\n<p>[\/et_pb_text][et_pb_sidebar area=&#8221;et_pb_widget_area_1&#8243; show_border=&#8221;off&#8221; _builder_version=&#8221;4.16.1&#8243; _module_preset=&#8221;default&#8221; custom_margin=&#8221;||-50px||false|false&#8221; custom_padding=&#8221;||0px||false|false&#8221; custom_css_widget=&#8221;width:100%;&#8221; global_colors_info=&#8221;{}&#8221;][\/et_pb_sidebar][et_pb_button button_url=&#8221;https:\/\/www.seurasaarisaatio.fi\/wp\/en\/events\/&#8221; button_text=&#8221;See all events&#8221; button_alignment=&#8221;right&#8221; _builder_version=&#8221;4.17.3&#8243; _module_preset=&#8221;default&#8221; global_colors_info=&#8221;{}&#8221;][\/et_pb_button][\/et_pb_column][\/et_pb_row][\/et_pb_section]<\/p>\n","protected":false},"excerpt":{"rendered":"<p>The Seurasaari Foundation, founded in Helsinki 1956, is a non-profit, public benefit organization that began its work by organizing Midsummer celebrations. The purpose of the foundation is to support Seurasaari Open-Air Museum activities in Seurasaari Island. The work done by the foundation is visible in events where Finnish cultural heritage and traditional way of living [&hellip;]<\/p>\n","protected":false},"author":1,"featured_media":0,"parent":0,"menu_order":0,"comment_status":"closed","ping_status":"closed","template":"","meta":{"_et_pb_use_builder":"on","_et_pb_old_content":"[et_pb_section fb_built=\"1\" fullwidth=\"on\" _builder_version=\"4.17.3\" _module_preset=\"default\" global_colors_info=\"{}\"][et_pb_fullwidth_slider use_bg_overlay=\"on\" bg_overlay_color=\"#002B4D\" use_text_overlay=\"off\" _builder_version=\"4.17.3\" _module_preset=\"default\" global_colors_info=\"{}\"][et_pb_slide heading=\"Seurasaaris\u00e4\u00e4ti\u00f6\" use_bg_overlay=\"on\" bg_overlay_color=\"rgba(0,43,77,0.45)\" _builder_version=\"4.17.3\" _module_preset=\"default\" background_image=\"https:\/\/www.seurasaarisaatio.fi\/wp\/wp-content\/uploads\/2022\/04\/Isannantalo-scaled.jpg\" background_enable_image=\"on\" global_colors_info=\"{}\" sticky_transition=\"on\"]\n\n<span>Suomalaisen kulttuuriperinn\u00f6n vaalija, edist\u00e4j\u00e4 ja tukija<\/span>\n\n[\/et_pb_slide][\/et_pb_fullwidth_slider][\/et_pb_section][et_pb_section fb_built=\"1\" admin_label=\"section\" _builder_version=\"4.16\" custom_padding=\"||0px|||\" global_colors_info=\"{}\"][et_pb_row column_structure=\"3_5,2_5\" admin_label=\"row\" _builder_version=\"4.16\" background_size=\"initial\" background_position=\"top_left\" background_repeat=\"repeat\" custom_padding=\"||0px|||\" global_colors_info=\"{}\"][et_pb_column type=\"3_5\" _builder_version=\"4.16\" custom_padding=\"|||\" global_colors_info=\"{}\" custom_padding__hover=\"|||\"][et_pb_text _builder_version=\"4.17.3\" _module_preset=\"default\" text_font=\"|600|||||||\" text_line_height=\"1.8em\" global_colors_info=\"{}\"]\n\n<span>Vuonna 1956 perustettu Seurasaaris\u00e4\u00e4ti\u00f6 on voittoa tavoittelematon, yleishy\u00f6dyllinen yhteis\u00f6, jonka toiminta l\u00e4hti liikkeelle juhannusjuhlien j\u00e4rjest\u00e4misest\u00e4. S\u00e4\u00e4ti\u00f6n tarkoituksena on Seurasaaren museotoiminnan tukeminen. S\u00e4\u00e4ti\u00f6n tekem\u00e4 ty\u00f6 n\u00e4kyy tapahtumissa, joissa suomalainen kulttuuriperint\u00f6 ja perinteiseksi ymm\u00e4rretty el\u00e4m\u00e4ntapa toimivat sis\u00e4ll\u00f6lisin\u00e4 innoittajina. Keskeisi\u00e4 arvoja s\u00e4\u00e4ti\u00f6n toiminnassa ovat yhteis\u00f6llisyys, osallisuus ja el\u00e4v\u00e4, suomalainen kulttuuriperint\u00f6.<\/span>\n\n[\/et_pb_text][et_pb_button button_text=\"Tilaa uutiskirje\" _builder_version=\"4.16.1\" _module_preset=\"default\" global_colors_info=\"{}\"][\/et_pb_button][et_pb_text _builder_version=\"4.16.1\" _module_preset=\"default\" header_font_size=\"43px\" custom_margin=\"||20px|||\" global_colors_info=\"{}\"]\n<h1>Uusin blogi<\/h1>\n[\/et_pb_text][et_pb_blog posts_number=\"1\" include_categories=\"6\" show_thumbnail=\"off\" show_more=\"on\" show_author=\"off\" show_categories=\"off\" show_pagination=\"off\" _builder_version=\"4.16.1\" _module_preset=\"default\" global_colors_info=\"{}\"][\/et_pb_blog][\/et_pb_column][et_pb_column type=\"2_5\" _builder_version=\"4.16\" custom_padding=\"|||\" global_colors_info=\"{}\" custom_padding__hover=\"|||\"][et_pb_code _builder_version=\"4.17.3\" _module_preset=\"default\" global_colors_info=\"{}\"]<script async=\"\" defer=\"\" crossorigin=\"anonymous\" src=\"https:\/\/connect.facebook.net\/fi_FI\/sdk.js#xfbml=1&amp;version=v13.0&amp;appId=247468141936500&amp;autoLogAppEvents=1\" nonce=\"XsOxsrE5\"><\/script>\n<div class=\"fb-page\" data-href=\"https:\/\/www.facebook.com\/Seurasaari\/\" data-tabs=\"timeline\" data-width=\"\" data-height=\"\" data-small-header=\"true\" data-adapt-container-width=\"true\" data-hide-cover=\"false\" data-show-facepile=\"true\">\n<blockquote cite=\"https:\/\/www.facebook.com\/Seurasaari\/\" class=\"fb-xfbml-parse-ignore\"><a href=\"https:\/\/www.facebook.com\/Seurasaari\/\">Seurasaari - F\u00f6lis\u00f6n<\/a><\/blockquote>\n<\/div>\n[\/et_pb_code][\/et_pb_column][\/et_pb_row][et_pb_row _builder_version=\"4.16.1\" _module_preset=\"default\" global_colors_info=\"{}\"][et_pb_column type=\"4_4\" _builder_version=\"4.16.1\" _module_preset=\"default\" global_colors_info=\"{}\"][et_pb_text _builder_version=\"4.16.1\" _module_preset=\"default\" global_colors_info=\"{}\"]\n<h2>Tulevia tapahtumia Seurasaaressa<\/h2>\n[\/et_pb_text][et_pb_sidebar area=\"et_pb_widget_area_1\" show_border=\"off\" _builder_version=\"4.16.1\" _module_preset=\"default\" custom_margin=\"||-50px||false|false\" custom_padding=\"||0px||false|false\" custom_css_widget=\"width:100%;\" global_colors_info=\"{}\"][\/et_pb_sidebar][et_pb_button button_text=\"Katso kaikki tapahtumat\" button_alignment=\"right\" _builder_version=\"4.16.1\" _module_preset=\"default\" global_colors_info=\"{}\"][\/et_pb_button][\/et_pb_column][\/et_pb_row][\/et_pb_section]","_et_gb_content_width":"","footnotes":""},"class_list":["post-372","page","type-page","status-publish","hentry"],"_links":{"self":[{"href":"https:\/\/www.seurasaarisaatio.fi\/wp\/en\/wp-json\/wp\/v2\/pages\/372","targetHints":{"allow":["GET"]}}],"collection":[{"href":"https:\/\/www.seurasaarisaatio.fi\/wp\/en\/wp-json\/wp\/v2\/pages"}],"about":[{"href":"https:\/\/www.seurasaarisaatio.fi\/wp\/en\/wp-json\/wp\/v2\/types\/page"}],"author":[{"embeddable":true,"href":"https:\/\/www.seurasaarisaatio.fi\/wp\/en\/wp-json\/wp\/v2\/users\/1"}],"replies":[{"embeddable":true,"href":"https:\/\/www.seurasaarisaatio.fi\/wp\/en\/wp-json\/wp\/v2\/comments?post=372"}],"version-history":[{"count":23,"href":"https:\/\/www.seurasaarisaatio.fi\/wp\/en\/wp-json\/wp\/v2\/pages\/372\/revisions"}],"predecessor-version":[{"id":3589,"href":"https:\/\/www.seurasaarisaatio.fi\/wp\/en\/wp-json\/wp\/v2\/pages\/372\/revisions\/3589"}],"wp:attachment":[{"href":"https:\/\/www.seurasaarisaatio.fi\/wp\/en\/wp-json\/wp\/v2\/media?parent=372"}],"curies":[{"name":"wp","href":"https:\/\/api.w.org\/{rel}","templated":true}]}}