{"id":620,"date":"2022-09-01T11:58:56","date_gmt":"2022-09-01T11:58:56","guid":{"rendered":"https:\/\/www.seurasaarisaatio.fi\/wp\/?page_id=620"},"modified":"2025-09-05T07:24:23","modified_gmt":"2025-09-05T07:24:23","slug":"seurasaaren-seniorit","status":"publish","type":"page","link":"https:\/\/www.seurasaarisaatio.fi\/wp\/seurasaaren-seniorit\/","title":{"rendered":"Seurasaaren seniorit"},"content":{"rendered":"<p>[et_pb_section fb_built=&#8221;1&#8243; fullwidth=&#8221;on&#8221; _builder_version=&#8221;4.19.2&#8243; _module_preset=&#8221;default&#8221; global_colors_info=&#8221;{}&#8221;][\/et_pb_section][et_pb_section fb_built=&#8221;1&#8243; specialty=&#8221;on&#8221; _builder_version=&#8221;4.18.0&#8243; _module_preset=&#8221;default&#8221; min_height=&#8221;1051.2px&#8221; global_colors_info=&#8221;{}&#8221;][et_pb_column type=&#8221;2_3&#8243; specialty_columns=&#8221;2&#8243; _builder_version=&#8221;4.16&#8243; custom_padding=&#8221;|||&#8221; global_colors_info=&#8221;{}&#8221; custom_padding__hover=&#8221;|||&#8221;][et_pb_row_inner admin_label=&#8221;Rivi&#8221; _builder_version=&#8221;4.18.0&#8243; _module_preset=&#8221;default&#8221; global_colors_info=&#8221;{}&#8221;][et_pb_column_inner saved_specialty_column_type=&#8221;2_3&#8243; _builder_version=&#8221;4.18.0&#8243; _module_preset=&#8221;default&#8221; global_colors_info=&#8221;{}&#8221;][et_pb_blog posts_number=&#8221;3&#8243; include_categories=&#8221;24&#8243; show_more=&#8221;on&#8221; show_author=&#8221;off&#8221; show_categories=&#8221;off&#8221; disabled_on=&#8221;off|off|off&#8221; admin_label=&#8221;Blogi&#8221; _builder_version=&#8221;4.18.0&#8243; _module_preset=&#8221;default&#8221; global_colors_info=&#8221;{}&#8221;][\/et_pb_blog][et_pb_text _builder_version=&#8221;4.27.4&#8243; _module_preset=&#8221;default&#8221; global_colors_info=&#8221;{}&#8221;]<\/p>\n<p><em>Seurasaaren seniorit on avoin ryhm\u00e4, jossa helsinkil\u00e4iset seniorit saavat kokoontua nauttimaan yhdess\u00e4olosta ja kulttuurista Seurasaaressa. Tapaamisia j\u00e4rjestet\u00e4\u00e4n osallistujien toiveista k\u00e4sin luonnon ja kulttuurin \u00e4\u00e4rell\u00e4. Tilaisuuksien innoittajana on el\u00e4v\u00e4 kulttuuriperint\u00f6, johon Seurasaari tarjoaa erinomaiset mahdollisuudet. Ryhm\u00e4\u00e4n osallistuminen ei edellyt\u00e4 s\u00e4\u00e4nn\u00f6llist\u00e4 mukanaoloa. Hanketta rahoittaa Helsingin kaupunki.<\/em><\/p>\n<p><em>Mik\u00e4li haluat Seurasaaren senioreiden infot suoraan s\u00e4hk\u00f6postiisi, ilmoittaudu mukaan postituslistallemme: anna.hamalainen@seurasaarisaatio.fi<\/em><\/p>\n<p>Seniori, l\u00e4mpim\u00e4sti tervetuloa mukaan!<\/p>\n<p>&nbsp;<\/p>\n<p>&nbsp;<\/p>\n<p><strong>TURVALLISEMMAN TILAN PERIAATTEET:<\/strong><\/p>\n<p><span style=\"font-weight: 400;\">Jokainen on tervetullut omana itsen\u00e4\u00e4n Seurasaaren senioreiden tilaisuuksiin. Odotamme kaikilta osallistujilta sitoutumista turvallisemman tilan periaatteisiimme:<\/span><\/p>\n<p><b>Kunnioita. <\/b><span style=\"font-weight: 400;\">Jokaisella on oikeus omaan tilaan. Kunnioita toisen rajoja, fyysist\u00e4 ja henkist\u00e4 koskemattomuutta.<\/span><\/p>\n<p><b>Kommunikoi. <\/b><span style=\"font-weight: 400;\">Kysy, kerro ja keskustele. Ole yst\u00e4v\u00e4llinen ja kiinnit\u00e4 huomiota sanavalintoihisi.<\/span><\/p>\n<p><b>Kaikki ovat yhdenvertaisia.<\/b><span style=\"font-weight: 400;\"> Emme hyv\u00e4ksy miss\u00e4\u00e4n tilanteessa h\u00e4irint\u00e4\u00e4, syrjint\u00e4\u00e4 tai mink\u00e4\u00e4nlaista ep\u00e4asiallista k\u00e4yt\u00f6st\u00e4. H\u00e4irinn\u00e4n kohde m\u00e4\u00e4rittelee itse sen, onko k\u00e4yt\u00f6s loukkaavaa.<\/span><\/p>\n<p><b>Puutu. <\/b><span style=\"font-weight: 400;\">Jos n\u00e4et tai koet ep\u00e4asiallista k\u00e4yt\u00f6st\u00e4, kerro siit\u00e4 heti henkil\u00f6kunnalle.<\/span><\/p>\n<p><span style=\"font-weight: 400;\">Nautitaan yhdess\u00e4olosta toisiamme kunnioittaen!<\/span><\/p>\n<p>&nbsp;<\/p>\n<p><strong>YHTEYSTIEDOT:<\/strong><\/p>\n<p>Seurasaaris\u00e4\u00e4ti\u00f6<br \/><span><a href=\"mailto:toimisto@seurasaarisaatio.fi\">anna.hamalainen@seurasaarisaatio.fi <\/a><\/span>p. 040 649 3040<br \/><a href=\"http:\/\/www.seurasaarisaatio.fi\/\">www.seurasaarisaatio.fi<\/a><\/p>\n<p>[\/et_pb_text][\/et_pb_column_inner][\/et_pb_row_inner][\/et_pb_column][et_pb_column type=&#8221;1_3&#8243; _builder_version=&#8221;4.16&#8243; custom_padding=&#8221;|||&#8221; global_colors_info=&#8221;{}&#8221; custom_padding__hover=&#8221;|||&#8221;][\/et_pb_column][\/et_pb_section][et_pb_section fb_built=&#8221;1&#8243; _builder_version=&#8221;4.19.2&#8243; _module_preset=&#8221;default&#8221; global_colors_info=&#8221;{}&#8221;][et_pb_row _builder_version=&#8221;4.19.2&#8243; _module_preset=&#8221;default&#8221; global_colors_info=&#8221;{}&#8221;][et_pb_column type=&#8221;4_4&#8243; _builder_version=&#8221;4.19.2&#8243; _module_preset=&#8221;default&#8221; global_colors_info=&#8221;{}&#8221;][et_pb_image src=&#8221;https:\/\/www.seurasaarisaatio.fi\/wp\/wp-content\/uploads\/2023\/09\/Seurasaaren-seniorit_vaakakuva_logolla.jpg&#8221; title_text=&#8221;Seurasaaren-seniorit_vaakakuva_logolla&#8221; _builder_version=&#8221;4.27.4&#8243; _module_preset=&#8221;default&#8221; global_colors_info=&#8221;{}&#8221;][\/et_pb_image][\/et_pb_column][\/et_pb_row][\/et_pb_section]<\/p>\n","protected":false},"excerpt":{"rendered":"<p>Seurasaaren seniorit on avoin ryhm\u00e4, jossa helsinkil\u00e4iset seniorit saavat kokoontua nauttimaan yhdess\u00e4olosta ja kulttuurista Seurasaaressa. Tapaamisia j\u00e4rjestet\u00e4\u00e4n osallistujien toiveista k\u00e4sin luonnon ja kulttuurin \u00e4\u00e4rell\u00e4. Tilaisuuksien innoittajana on el\u00e4v\u00e4 kulttuuriperint\u00f6, johon Seurasaari tarjoaa erinomaiset mahdollisuudet. Ryhm\u00e4\u00e4n osallistuminen ei edellyt\u00e4 s\u00e4\u00e4nn\u00f6llist\u00e4 mukanaoloa. Hanketta rahoittaa Helsingin kaupunki. Mik\u00e4li haluat Seurasaaren senioreiden infot suoraan s\u00e4hk\u00f6postiisi, ilmoittaudu mukaan postituslistallemme: anna.hamalainen@seurasaarisaatio.fi [&hellip;]<\/p>\n","protected":false},"author":3,"featured_media":0,"parent":0,"menu_order":0,"comment_status":"closed","ping_status":"closed","template":"","meta":{"_et_pb_use_builder":"on","_et_pb_old_content":"<!-- wp:paragraph -->\n<p>TULOSSA PIAN: Seurasaaren seniorit<\/p>\n<!-- \/wp:paragraph -->\n\n<!-- wp:paragraph -->\n<p>Seurasaaressa k\u00e4ynnistyy syyskuussa 2022 Seurasaaren seniorit, jonka tarkoituksena on tukea ik\u00e4\u00e4ntyneiden helsinkil\u00e4isten hyvinvointia ja toimintakyky\u00e4. Sis\u00e4lt\u00f6\u00e4 suunnitellaan yhdess\u00e4 helsinkil\u00e4isten senioreiden kanssa heid\u00e4n omista tarpeistaan ja toiveistaan k\u00e4sin. Hanketta tukee Helsingin kaupunki.<\/p>\n<!-- \/wp:paragraph -->\n\n<!-- wp:paragraph -->\n<p>Kutsumme syyskuussa yli 60-vuotiaat helsinkil\u00e4iset Seurasaareen viihtym\u00e4\u00e4n ja suunnittelemaan yhteist\u00e4 tekemist\u00e4. Tilaisuuksien innoittajana toimii el\u00e4v\u00e4 kulttuuriperint\u00f6, johon Seurasaari antaa mit\u00e4 parhaimmat mahdollisuudet.<\/p>\n<!-- \/wp:paragraph -->\n\n<!-- wp:paragraph -->\n<p>Lis\u00e4tietoa tulossa pian.<\/p>\n<!-- \/wp:paragraph -->\n\n<!-- wp:paragraph -->\n<p>Yhteyshenkil\u00f6: Annika Pudas (yhteis\u00f6koordinaattori), annika.pudas(at)seurasaarisaatio.fi<\/p>\n<!-- \/wp:paragraph -->\n\n<!-- wp:paragraph -->\n<p><\/p>\n<!-- \/wp:paragraph -->","_et_gb_content_width":"","footnotes":""},"class_list":["post-620","page","type-page","status-publish","hentry"],"_links":{"self":[{"href":"https:\/\/www.seurasaarisaatio.fi\/wp\/wp-json\/wp\/v2\/pages\/620","targetHints":{"allow":["GET"]}}],"collection":[{"href":"https:\/\/www.seurasaarisaatio.fi\/wp\/wp-json\/wp\/v2\/pages"}],"about":[{"href":"https:\/\/www.seurasaarisaatio.fi\/wp\/wp-json\/wp\/v2\/types\/page"}],"author":[{"embeddable":true,"href":"https:\/\/www.seurasaarisaatio.fi\/wp\/wp-json\/wp\/v2\/users\/3"}],"replies":[{"embeddable":true,"href":"https:\/\/www.seurasaarisaatio.fi\/wp\/wp-json\/wp\/v2\/comments?post=620"}],"version-history":[{"count":47,"href":"https:\/\/www.seurasaarisaatio.fi\/wp\/wp-json\/wp\/v2\/pages\/620\/revisions"}],"predecessor-version":[{"id":3208,"href":"https:\/\/www.seurasaarisaatio.fi\/wp\/wp-json\/wp\/v2\/pages\/620\/revisions\/3208"}],"wp:attachment":[{"href":"https:\/\/www.seurasaarisaatio.fi\/wp\/wp-json\/wp\/v2\/media?parent=620"}],"curies":[{"name":"wp","href":"https:\/\/api.w.org\/{rel}","templated":true}]}}